{"id":35571,"date":"2025-08-14T13:53:18","date_gmt":"2025-08-14T11:53:18","guid":{"rendered":"https:\/\/staging.tenttrading.com\/projecten\/"},"modified":"2025-08-23T12:43:35","modified_gmt":"2025-08-23T10:43:35","slug":"projets","status":"publish","type":"page","link":"https:\/\/www.tenttrading.com\/fr\/projets\/","title":{"rendered":"Projets"},"content":{"rendered":"","protected":false},"excerpt":{"rendered":"","protected":false},"author":2,"featured_media":0,"parent":0,"menu_order":0,"comment_status":"closed","ping_status":"closed","template":"single-landingspagina.php","meta":{"_acf_changed":false,"inline_featured_image":false,"footnotes":""},"class_list":["post-35571","page","type-page","status-publish","hentry"],"acf":[],"yoast_head":"<!-- This site is optimized with the Yoast SEO plugin v27.3 - https:\/\/yoast.com\/product\/yoast-seo-wordpress\/ -->\n<title>Projets | Tent Trading \u2013 Structures industrielles &amp; chapiteaux<\/title>\n<meta name=\"description\" content=\"D\u00e9couvrez les projets Tent Trading: des structures industrielles aux chapiteaux \u00e9v\u00e9nementiels. Tout fabriqu\u00e9 dans notre propre site.\" \/>\n<meta name=\"robots\" content=\"index, follow, max-snippet:-1, max-image-preview:large, max-video-preview:-1\" \/>\n<link rel=\"canonical\" href=\"https:\/\/www.tenttrading.com\/fr\/projets\/\" \/>\n<meta property=\"og:locale\" content=\"fr_FR\" \/>\n<meta property=\"og:type\" content=\"article\" \/>\n<meta property=\"og:title\" content=\"Projets | Tent Trading \u2013 Structures industrielles &amp; chapiteaux\" \/>\n<meta property=\"og:description\" content=\"D\u00e9couvrez les projets Tent Trading: des structures industrielles aux chapiteaux \u00e9v\u00e9nementiels. Tout fabriqu\u00e9 dans notre propre site.\" \/>\n<meta property=\"og:url\" content=\"https:\/\/www.tenttrading.com\/fr\/projets\/\" \/>\n<meta property=\"og:site_name\" content=\"Tent Trading\" \/>\n<meta property=\"article:modified_time\" content=\"2025-08-23T10:43:35+00:00\" \/>\n<meta name=\"twitter:card\" content=\"summary_large_image\" \/>\n<script type=\"application\/ld+json\" class=\"yoast-schema-graph\">{\"@context\":\"https:\\\/\\\/schema.org\",\"@graph\":[{\"@type\":\"WebPage\",\"@id\":\"https:\\\/\\\/www.tenttrading.com\\\/fr\\\/projets\\\/\",\"url\":\"https:\\\/\\\/www.tenttrading.com\\\/fr\\\/projets\\\/\",\"name\":\"Projets | Tent Trading \u2013 Structures industrielles & chapiteaux\",\"isPartOf\":{\"@id\":\"https:\\\/\\\/www.tenttrading.com\\\/fr\\\/#website\"},\"datePublished\":\"2025-08-14T11:53:18+00:00\",\"dateModified\":\"2025-08-23T10:43:35+00:00\",\"description\":\"D\u00e9couvrez les projets Tent Trading: des structures industrielles aux chapiteaux \u00e9v\u00e9nementiels. Tout fabriqu\u00e9 dans notre propre site.\",\"breadcrumb\":{\"@id\":\"https:\\\/\\\/www.tenttrading.com\\\/fr\\\/projets\\\/#breadcrumb\"},\"inLanguage\":\"fr-FR\",\"potentialAction\":[{\"@type\":\"ReadAction\",\"target\":[\"https:\\\/\\\/www.tenttrading.com\\\/fr\\\/projets\\\/\"]}]},{\"@type\":\"BreadcrumbList\",\"@id\":\"https:\\\/\\\/www.tenttrading.com\\\/fr\\\/projets\\\/#breadcrumb\",\"itemListElement\":[{\"@type\":\"ListItem\",\"position\":1,\"name\":\"Home\",\"item\":\"https:\\\/\\\/www.tenttrading.com\\\/fr\\\/\"},{\"@type\":\"ListItem\",\"position\":2,\"name\":\"Projets\"}]},{\"@type\":\"WebSite\",\"@id\":\"https:\\\/\\\/www.tenttrading.com\\\/fr\\\/#website\",\"url\":\"https:\\\/\\\/www.tenttrading.com\\\/fr\\\/\",\"name\":\"Tent Trading\",\"description\":\"We engineer. We produce.\",\"potentialAction\":[{\"@type\":\"SearchAction\",\"target\":{\"@type\":\"EntryPoint\",\"urlTemplate\":\"https:\\\/\\\/www.tenttrading.com\\\/fr\\\/?s={search_term_string}\"},\"query-input\":{\"@type\":\"PropertyValueSpecification\",\"valueRequired\":true,\"valueName\":\"search_term_string\"}}],\"inLanguage\":\"fr-FR\"}]}<\/script>\n<!-- \/ Yoast SEO plugin. -->","yoast_head_json":{"title":"Projets | Tent Trading \u2013 Structures industrielles & chapiteaux","description":"D\u00e9couvrez les projets Tent Trading: des structures industrielles aux chapiteaux \u00e9v\u00e9nementiels. Tout fabriqu\u00e9 dans notre propre site.","robots":{"index":"index","follow":"follow","max-snippet":"max-snippet:-1","max-image-preview":"max-image-preview:large","max-video-preview":"max-video-preview:-1"},"canonical":"https:\/\/www.tenttrading.com\/fr\/projets\/","og_locale":"fr_FR","og_type":"article","og_title":"Projets | Tent Trading \u2013 Structures industrielles & chapiteaux","og_description":"D\u00e9couvrez les projets Tent Trading: des structures industrielles aux chapiteaux \u00e9v\u00e9nementiels. Tout fabriqu\u00e9 dans notre propre site.","og_url":"https:\/\/www.tenttrading.com\/fr\/projets\/","og_site_name":"Tent Trading","article_modified_time":"2025-08-23T10:43:35+00:00","twitter_card":"summary_large_image","schema":{"@context":"https:\/\/schema.org","@graph":[{"@type":"WebPage","@id":"https:\/\/www.tenttrading.com\/fr\/projets\/","url":"https:\/\/www.tenttrading.com\/fr\/projets\/","name":"Projets | Tent Trading \u2013 Structures industrielles & chapiteaux","isPartOf":{"@id":"https:\/\/www.tenttrading.com\/fr\/#website"},"datePublished":"2025-08-14T11:53:18+00:00","dateModified":"2025-08-23T10:43:35+00:00","description":"D\u00e9couvrez les projets Tent Trading: des structures industrielles aux chapiteaux \u00e9v\u00e9nementiels. Tout fabriqu\u00e9 dans notre propre site.","breadcrumb":{"@id":"https:\/\/www.tenttrading.com\/fr\/projets\/#breadcrumb"},"inLanguage":"fr-FR","potentialAction":[{"@type":"ReadAction","target":["https:\/\/www.tenttrading.com\/fr\/projets\/"]}]},{"@type":"BreadcrumbList","@id":"https:\/\/www.tenttrading.com\/fr\/projets\/#breadcrumb","itemListElement":[{"@type":"ListItem","position":1,"name":"Home","item":"https:\/\/www.tenttrading.com\/fr\/"},{"@type":"ListItem","position":2,"name":"Projets"}]},{"@type":"WebSite","@id":"https:\/\/www.tenttrading.com\/fr\/#website","url":"https:\/\/www.tenttrading.com\/fr\/","name":"Tent Trading","description":"We engineer. We produce.","potentialAction":[{"@type":"SearchAction","target":{"@type":"EntryPoint","urlTemplate":"https:\/\/www.tenttrading.com\/fr\/?s={search_term_string}"},"query-input":{"@type":"PropertyValueSpecification","valueRequired":true,"valueName":"search_term_string"}}],"inLanguage":"fr-FR"}]}},"_links":{"self":[{"href":"https:\/\/www.tenttrading.com\/fr\/wp-json\/wp\/v2\/pages\/35571","targetHints":{"allow":["GET"]}}],"collection":[{"href":"https:\/\/www.tenttrading.com\/fr\/wp-json\/wp\/v2\/pages"}],"about":[{"href":"https:\/\/www.tenttrading.com\/fr\/wp-json\/wp\/v2\/types\/page"}],"author":[{"embeddable":true,"href":"https:\/\/www.tenttrading.com\/fr\/wp-json\/wp\/v2\/users\/2"}],"replies":[{"embeddable":true,"href":"https:\/\/www.tenttrading.com\/fr\/wp-json\/wp\/v2\/comments?post=35571"}],"version-history":[{"count":2,"href":"https:\/\/www.tenttrading.com\/fr\/wp-json\/wp\/v2\/pages\/35571\/revisions"}],"predecessor-version":[{"id":35578,"href":"https:\/\/www.tenttrading.com\/fr\/wp-json\/wp\/v2\/pages\/35571\/revisions\/35578"}],"wp:attachment":[{"href":"https:\/\/www.tenttrading.com\/fr\/wp-json\/wp\/v2\/media?parent=35571"}],"curies":[{"name":"wp","href":"https:\/\/api.w.org\/{rel}","templated":true}]}}